{"id":886,"date":"2024-08-28T14:41:59","date_gmt":"2024-08-28T13:41:59","guid":{"rendered":"https:\/\/ulu.eus\/?page_id=886"},"modified":"2024-08-30T09:58:52","modified_gmt":"2024-08-30T08:58:52","slug":"aviso-legal","status":"publish","type":"page","link":"https:\/\/ulu.eus\/es\/aviso-legal\/","title":{"rendered":"Aviso legal"},"content":{"rendered":"<section class=\"l-section wpb_row height_medium\"><div class=\"l-section-h i-cf\"><div class=\"g-cols vc_row via_grid cols_2-1 laptops-cols_inherit tablets-cols_inherit mobiles-cols_1 valign_top type_default stacking_default\"><div class=\"wpb_column vc_column_container\"><div class=\"vc_column-inner\"><div class=\"wpb_text_column\"><div class=\"wpb_wrapper\"><p>En cumplimiento de la Ley 34\/2002, de 11 de julio, de Servicios de la Sociedad de la Informaci\u00f3n y de Comercio Electr\u00f3nico, le informamos que el titular del sitio web <a href=\"http:\/\/www.ulu.eus\" target=\"_blank\" rel=\"noopener\">www.ulu.eus<\/a> es:<\/p>\n<h4>ULU Media<\/h4>\n<p><strong>NIF:\u00a0<\/strong>B02813103<\/p>\n<p><strong>Direcci\u00f3n:<\/strong><br \/>\nEdificio Brunet<br \/>\nOria Etorbidea, 10 &#8211; 201<br \/>\n20160 Lasarte-Oria, Gipuzkoa<\/p>\n<p><strong>Tel\u00e9fono:<\/strong> <a href=\"tel:685773578\">+34685773578<\/a><\/p>\n<p><strong>E-mail:<\/strong> <a href=\"mailto:info@ulu.eus\">info@ulu.eus<\/a><\/p>\n<h3>1. Responsabilidades y garant\u00edas<\/h3>\n<p>El usuario podr\u00e1 acceder al sitio web <a href=\"http:\/\/www.ulu.eus\" target=\"_blank\" rel=\"noopener\">www.ulu.eus<\/a> por voluntad propia. Navegar por este sitio web supone que el usuario conoce y acepta sus indicaciones legales, sus condiciones de uso y su pol\u00edtica de privacidad.<\/p>\n<p>Cualquier uso de la informaci\u00f3n contenida en este sitio web ser\u00e1 \u00fanica y exclusivamente responsabilidad del usuario. As\u00ed, el usuario deber\u00e1 comprometerse a utilizar la informaci\u00f3n de acuerdo con el objetivo del sitio web.<\/p>\n<p>Por tanto, el usuario no podr\u00e1 dar un uso il\u00edcito a la informaci\u00f3n del sitio web.<\/p>\n<p>Se proh\u00edbe a los usuarios introducir o informar sobre contenidos falsos o err\u00f3neos. El usuario ser\u00e1, por tanto, el \u00fanico responsable de los da\u00f1os causados con los datos que aporte.<\/p>\n<p>Se proh\u00edbe utilizar datos personales de terceros sin su consentimiento. Asimismo, se proh\u00edbe utilizar datos de identificaci\u00f3n de terceros para ponerse en el lugar de otra persona o entidad.<\/p>\n<p>ULU Media hace un gran esfuerzo para que no haya errores en los contenidos publicados en el sitio web. Por tanto, se reserva el derecho de modificarlosen cualquier momento. ULU Media renuncia expresamente a la responsabilidad derivada de errores u omisiones en los contenidos de este sitio web, as\u00ed como a la responsabilidad derivada de los da\u00f1os y perjuicios derivados de la falta de veracidad, exactitud y actualizaci\u00f3n de estos. Este sitio web puede incluir enlaces de otros sitios web. ULU Media no se hace responsable de ninguno de los contenidos de los sitios enlazados. El objetivo de esos servicios es, precisamente, proporcionar a los usuarios otras fuentes de informaci\u00f3n; por tanto, el usuario acceder\u00e1 a ellas bajo su \u00fanica responsabilidad, atendiendo a las condiciones reguladas en las mismas.<\/p>\n<p>ULU Media no ser\u00e1 responsable de ninguna consecuencia o perjuicio derivado del uso de este sitio web o de su contenido, incluidos los da\u00f1os inform\u00e1ticos y la inserci\u00f3n de virus.<\/p>\n<p>ULU Media se reserva el derecho a modificar o eliminar en cualquier momento, sin previo aviso o explicaci\u00f3n, el dise\u00f1o, la configuraci\u00f3n y la informaci\u00f3n contenida en este sitio web, siempre que lo consideren necesario.<\/p>\n<p>ULU Media no se har\u00e1 responsable de los da\u00f1os que dichas modificaciones pudieran suponer. No obstante, utilizar\u00e1 todos los medios a su alcance para informar a los usuarios de dichas modificaciones.<\/p>\n<h3>2. Propiedad intelectual e industrial<\/h3>\n<p>Los contenidos de este sitio web (excepto los datos personales) poseen la licencia Creative Commons Reconocimiento \u2013 Compartir Igual (CC-BY-SA) 4.0<br \/>\nEsta licencia otorga al usuario los siguientes derechos:<\/p>\n<ul>\n<li>Compartir: puede copiar y distribuir los contenidos en cualquier medio y formato.<\/li>\n<li>Adecuar: puede reutilizar los contenidos y crear obras derivadas, incluso con fines comerciales.<\/li>\n<\/ul>\n<p>Siempre y cuando se cumplan las siguientes condiciones:<\/p>\n<ul>\n<li>Reconocer: se debe reconocer la autor\u00eda del sitio web, a\u00f1adir un enlace a la licencia e indicar si se han realizado modificaciones, pero no de una manera que d\u00e9 a entender que este sitio web apoya el uso de quien lo hace.<\/li>\n<li>Compartir Igual: si se crea un trabajo derivado, se debe distribuir con la misma licencia.<\/li>\n<li>Sin restricciones adicionales: no se puede limitar lo que permite la licencia a trav\u00e9s de medidas legales o tecnol\u00f3gicas.<\/li>\n<\/ul>\n<p>El incumplimiento de las condiciones que impone la licencia en la utilizaci\u00f3n de los contenidos del sitio web dar\u00e1 lugar al ejercicio de las acciones legales que correspondan y, en su caso, al cumplimiento de las responsabilidades que se deriven de su ejercicio.<\/p>\n<h3>3. Modificaciones<\/h3>\n<p>Todas estas condiciones podr\u00e1n ser modificadas si ULU Media lo considera oportuno en alg\u00fan momento, tanto para adecuarse a las modificaciones legislativas como para introducir otras mejoras. Estas modificaciones entrar\u00e1n en vigor desde el momento en que se publiquen en este sitio web.<\/p>\n<h3>4. Jurisdicci\u00f3n<\/h3>\n<p>La relaci\u00f3n surgida entre ULU Media y el usuario se regir\u00e1 por lo dispuesto en la normativa vigente sobre legislaci\u00f3n aplicable y jurisdicci\u00f3n competente. No obstante, cuando la normativa prevea que las partes deben someterse a una competencia, ULU Media y el usuario, con renuncia expresa a cualquier competencia que les corresponda, se someter\u00e1n a los Juzgados y Tribunales de Donostia-San Sebasti\u00e1n.<\/p>\n<\/div><\/div><\/div><\/div><div class=\"wpb_column vc_column_container\"><div class=\"vc_column-inner\"><\/div><\/div><\/div><\/div><\/section>\n","protected":false},"excerpt":{"rendered":"En cumplimiento de la Ley 34\/2002, de 11 de julio, de Servicios de la Sociedad de la Informaci\u00f3n y de Comercio Electr\u00f3nico, le informamos que el titular del sitio web www.ulu.eus es: ULU Media NIF:\u00a0B02813103 Direcci\u00f3n: Edificio Brunet Oria Etorbidea, 10 &#8211; 201 20160 Lasarte-Oria, Gipuzkoa Tel\u00e9fono: +34685773578 E-mail: info@ulu.eus 1. Responsabilidades y garant\u00edas El...","protected":false},"author":1,"featured_media":0,"parent":0,"menu_order":0,"comment_status":"closed","ping_status":"closed","template":"","meta":{"_acf_changed":false,"footnotes":""},"class_list":["post-886","page","type-page","status-publish","hentry"],"acf":[],"_links":{"self":[{"href":"https:\/\/ulu.eus\/es\/wp-json\/wp\/v2\/pages\/886","targetHints":{"allow":["GET"]}}],"collection":[{"href":"https:\/\/ulu.eus\/es\/wp-json\/wp\/v2\/pages"}],"about":[{"href":"https:\/\/ulu.eus\/es\/wp-json\/wp\/v2\/types\/page"}],"author":[{"embeddable":true,"href":"https:\/\/ulu.eus\/es\/wp-json\/wp\/v2\/users\/1"}],"replies":[{"embeddable":true,"href":"https:\/\/ulu.eus\/es\/wp-json\/wp\/v2\/comments?post=886"}],"version-history":[{"count":7,"href":"https:\/\/ulu.eus\/es\/wp-json\/wp\/v2\/pages\/886\/revisions"}],"predecessor-version":[{"id":1129,"href":"https:\/\/ulu.eus\/es\/wp-json\/wp\/v2\/pages\/886\/revisions\/1129"}],"wp:attachment":[{"href":"https:\/\/ulu.eus\/es\/wp-json\/wp\/v2\/media?parent=886"}],"curies":[{"name":"wp","href":"https:\/\/api.w.org\/{rel}","templated":true}]}}