{"id":884,"date":"2024-05-17T06:46:08","date_gmt":"2024-05-17T05:46:08","guid":{"rendered":"https:\/\/ulu.eus\/?page_id=884"},"modified":"2024-09-02T12:15:40","modified_gmt":"2024-09-02T11:15:40","slug":"politica-de-privacidad","status":"publish","type":"page","link":"https:\/\/ulu.eus\/es\/politica-de-privacidad\/","title":{"rendered":"Pol\u00edtica de privacidad"},"content":{"rendered":"<section class=\"l-section wpb_row height_medium\"><div class=\"l-section-h i-cf\"><div class=\"g-cols vc_row via_grid cols_2-1 laptops-cols_inherit tablets-cols_inherit mobiles-cols_1 valign_top type_default stacking_default\"><div class=\"wpb_column vc_column_container\"><div class=\"vc_column-inner\"><div class=\"wpb_text_column\"><div class=\"wpb_wrapper\"><p><span>La presente pol\u00edtica de privacidad tiene por objeto informar sobre los tratamientos de datos personales en este sitio web y describir los derechos de asistencia a los interesados, de conformidad con el Reglamento (UE) 2016\/679 del Parlamento Europeo y del Consejo, de 27 de abril de 2016, relativo a la protecci\u00f3n de las personas f\u00edsicas en lo que respecta al tratamiento de datos personales y a la libre circulaci\u00f3n de estos datos, y la protecci\u00f3n de los datos personales y garant\u00eda de los derechos digitales, de conformidad con la Ley Org\u00e1nica 3\/2018, de 5 de diciembre.<\/span><\/p>\n<h3><span><strong>\u00bfQui\u00e9n es el responsable del tratamiento de sus datos personales?<\/strong><\/span><\/h3>\n<h4>ULU Media<\/h4>\n<p><strong>CIF:\u00a0<\/strong>B02813103<\/p>\n<p><strong>Direcci\u00f3n:<br \/>\n<\/strong>Edificio Brunet<br \/>\nOria Etorbidea, 10 \u2013 201<br \/>\n20160 Lasarte-Oria, Gipuzkoa<strong><br \/>\n<\/strong><\/p>\n<p><strong>E-mail:<\/strong> <a href=\"mailto:info@ulu.eus\">info@ulu.eus<\/a><\/p>\n<p><strong>\u00bfCon qu\u00e9 finalidad recabamos sus datos?<\/strong><\/p>\n<p><span>ULU Media <\/span><span>almacena estos datos con la finalidad de contactos comerciales.<br \/>\n<\/span><\/p>\n<p><strong>\u00bfDurante cu\u00e1nto tiempo se almacenan los datos?<\/strong><\/p>\n<p><span>Mientras no ordene que se retiren, sus datos se almacenar\u00e1n en el fichero de la base de datos de la p\u00e1gina web de ULU Media<\/span><\/p>\n<p><strong>\u00bfQu\u00e9 nos legitima a utilizar sus datos?<\/strong><\/p>\n<p><span>La base legal para el tratamiento de los datos recabados a trav\u00e9s de la web <\/span><a href=\"http:\/\/www.ulu.eus\/\"><span>www.ulu.eus<\/span><\/a><span> de ULU Media es la siguiente:<\/span><\/p>\n<ol>\n<li><span>a<strong>.\u00a0<\/strong>El consentimiento expreso que nos ha dado al inscribirse.<\/span><\/li>\n<\/ol>\n<p><strong>\u00bfA qui\u00e9n se le ceder\u00e1n sus datos?<\/strong><\/p>\n<p><span>ULU Media <\/span><span>no pondr\u00e1 estos datos a disposici\u00f3n de terceros.<\/span><\/p>\n<p><strong>\u00bfCu\u00e1les son sus derechos cuando nos facilita sus datos personales?<\/strong><\/p>\n<p>La persona que proporcione sus datos podr\u00e1 ejercer los siguientes derechos sobre los mismos:<\/p>\n<p><span><em>Derecho de acceso:<\/em><\/span>\u00a0<span>La persona que facilite sus datos a ULU Media podr\u00e1 solicitarle dichos datos para confirmar que est\u00e1 tratando sus datos personales.<\/span><\/p>\n<p><span><em>Derecho de rectificaci\u00f3n:<\/em><\/span><span> La persona que facilite sus datos podr\u00e1 solicitar la rectificaci\u00f3n de sus datos personales a ULU Media, si estos no son correctos o no est\u00e1n completos.<\/span><\/p>\n<p><span><em>Derecho de supresi\u00f3n:<\/em><\/span><span> La persona que facilite sus datos podr\u00e1 solicitar a ULU Media la supresi\u00f3n de sus datos personales, entre otros casos, cuando ya no sean necesarios para los objetivos para los que se recabaron. <\/span><\/p>\n<p><span><em>Derecho de oposici\u00f3n:<\/em><\/span><span> La persona que facilite sus datos puede oponerse a que ULU Media trate sus datos personales. En ese caso, ULU Media solo los conservar\u00e1 para hacer reclamaciones o para protegerse de ellas.<\/span><\/p>\n<p><span><em>Derecho a limitar el tratamiento:<\/em><\/span> <span>La persona que facilite sus datos puede solicitar a ULU Media que no utilice sus datos personales de forma provisional y para usos espec\u00edficos. En ese caso, ULU Media solo los conservar\u00e1 para hacer reclamaciones o para protegerse de ellas.<\/span><\/p>\n<p><span><em>Derecho a la portabilidad:<\/em><\/span>\u00a0<span>La persona que facilite sus datos podr\u00e1 solicitar a ULU Media que facilite sus datos en un formato estructurado y de f\u00e1cil acceso. Del mismo modo, podr\u00e1 solicitarle que le entregue sus datos a otro responsable. <\/span><\/p>\n<p><span><em>Derecho a revocar el consentimiento:<\/em><\/span> <span>Si los datos personales se han obtenido con consentimiento expreso, la persona que facilite sus datos tendr\u00e1 derecho a revocar ese consentimiento en cualquier momento.<\/span><\/p>\n<p><span><em>Derecho a presentar reclamaciones:<\/em><\/span> <span>La persona que facilite sus datos tendr\u00e1 derecho a presentar una reclamaci\u00f3n ante la Agencia Espa\u00f1ola de Protecci\u00f3n de Datos, en particular si considera que el ejercicio de sus derechos no ha sido adecuado. Dicha reclamaci\u00f3n puede realizarse por v\u00eda telem\u00e1tica, a trav\u00e9s de la sede electr\u00f3nica (<\/span><a href=\"http:\/\/www.agpd.es\/\"><span>www.agpd.es<\/span><\/a><span>) o dirigi\u00e9ndose a la siguiente direcci\u00f3n (C\/ Jorge Juan, 6, 28001-Madrid)<\/span><\/p>\n<p><span>Para ejercer cualquiera de estos derechos, la persona que facilite sus datos puede dirigirse a la direcci\u00f3n postal o la direcci\u00f3n electr\u00f3nica de ULU Media, presentando una copia del DNI para poder comprobar su identidad. <\/span><\/p>\n<\/div><\/div><\/div><\/div><div class=\"wpb_column vc_column_container\"><div class=\"vc_column-inner\"><\/div><\/div><\/div><\/div><\/section>\n","protected":false},"excerpt":{"rendered":"La presente pol\u00edtica de privacidad tiene por objeto informar sobre los tratamientos de datos personales en este sitio web y describir los derechos de asistencia a los interesados, de conformidad con el Reglamento (UE) 2016\/679 del Parlamento Europeo y del Consejo, de 27 de abril de 2016, relativo a la protecci\u00f3n de las personas f\u00edsicas...","protected":false},"author":1,"featured_media":0,"parent":0,"menu_order":0,"comment_status":"closed","ping_status":"open","template":"","meta":{"_acf_changed":false,"footnotes":""},"class_list":["post-884","page","type-page","status-publish","hentry"],"acf":[],"_links":{"self":[{"href":"https:\/\/ulu.eus\/es\/wp-json\/wp\/v2\/pages\/884","targetHints":{"allow":["GET"]}}],"collection":[{"href":"https:\/\/ulu.eus\/es\/wp-json\/wp\/v2\/pages"}],"about":[{"href":"https:\/\/ulu.eus\/es\/wp-json\/wp\/v2\/types\/page"}],"author":[{"embeddable":true,"href":"https:\/\/ulu.eus\/es\/wp-json\/wp\/v2\/users\/1"}],"replies":[{"embeddable":true,"href":"https:\/\/ulu.eus\/es\/wp-json\/wp\/v2\/comments?post=884"}],"version-history":[{"count":8,"href":"https:\/\/ulu.eus\/es\/wp-json\/wp\/v2\/pages\/884\/revisions"}],"predecessor-version":[{"id":1379,"href":"https:\/\/ulu.eus\/es\/wp-json\/wp\/v2\/pages\/884\/revisions\/1379"}],"wp:attachment":[{"href":"https:\/\/ulu.eus\/es\/wp-json\/wp\/v2\/media?parent=884"}],"curies":[{"name":"wp","href":"https:\/\/api.w.org\/{rel}","templated":true}]}}